{"id":453,"date":"2026-03-21T11:29:02","date_gmt":"2026-03-21T10:29:02","guid":{"rendered":"https:\/\/atled.it\/wip\/monja\/?page_id=453"},"modified":"2026-03-21T15:42:57","modified_gmt":"2026-03-21T14:42:57","slug":"kayak","status":"publish","type":"page","link":"https:\/\/campingmonja.it\/en\/da-vivere\/kayak\/","title":{"rendered":"Kayaking"},"content":{"rendered":"<div class=\"gb-element-221c813b\">\n<p class=\"has-text-align-center h2-style\">Glide across the water and discover the secrets of Lake Garda.<\/p>\n<\/div>\n\n\n\n<div class=\"gb-element-fb0e2e84\">\n<div class=\"gb-element-5b97dd47\" href=\"https:\/\/atled.it\/wip\/monja\/bungalow\/\">\n<img loading=\"lazy\" decoding=\"async\" width=\"800\" height=\"498\" class=\"gb-media-882939bf\" alt=\"\" title=\"kayak\" src=\"https:\/\/atled.it\/wip\/monja\/wp-content\/uploads\/2026\/03\/kayak.jpg\" srcset=\"https:\/\/campingmonja.it\/wp-content\/uploads\/2026\/03\/kayak.jpg 800w, https:\/\/campingmonja.it\/wp-content\/uploads\/2026\/03\/kayak-300x187.jpg 300w, https:\/\/campingmonja.it\/wp-content\/uploads\/2026\/03\/kayak-768x478.jpg 768w\" sizes=\"auto, (max-width: 800px) 100vw, 800px\" \/>\n\n\n\n<div class=\"gb-element-b307778b\">\n<h2 class=\"gb-text\">Explore the Lake by Kayak<\/h2>\n\n\n\n<p class=\"gb-text gb-text-198942c8 emphasys\">If you are looking for a peaceful and contemplative way to connect with nature, kayaking is the perfect choice.<\/p>\n\n\n\n<p class=\"gb-text gb-text-0afad6c0\">It is an activity that allows you to explore the coastline and the hidden corners of Lake Garda at a slower pace, moving in total harmony with the water.<\/p>\n<\/div>\n<\/div>\n\n\n\n<div class=\"gb-element-6e14b248\" href=\"https:\/\/atled.it\/wip\/monja\/bungalow\/\">\n<div class=\"gb-element-e951f96a\">\n<p class=\"gb-text gb-text-ca07b1ef emphasys\">Paddle along the 9 km of Brenzone\u2019s shoreline to find secluded spots and admire picturesque historic villages from a unique perspective.<\/p>\n\n\n\n<p class=\"gb-text gb-text-500afdec\">Visit the waters around Trimelone Island, a historic gem off the coast of Assenza that adds a touch of mystery and charm to your excursion.<\/p>\n<\/div>\n\n\n\n<figure>\n<img decoding=\"async\" class=\"gb-media-eba5cc2a\" alt=\"\" title=\"massaggio_pietre\" src=\"https:\/\/upload.wikimedia.org\/wikipedia\/commons\/thumb\/8\/8b\/2021_Gardasee_0420_Isola_di_Trimelone_lmnr1.jpg\/1280px-2021_Gardasee_0420_Isola_di_Trimelone_lmnr1.jpg\"\/>\n\n\n\n<figcaption class=\"gb-text gb-text-a094d26e\">Image by <a href=\"https:\/\/commons.wikimedia.org\/wiki\/User:Steffen_962\">Steffen 962<\/a>from <a href=\"https:\/\/commons.wikimedia.org\/wiki\/File:2021_Gardasee_0420_Isola_di_Trimelone_lmnr1.jpg#Licensing\">WikimediaCommons<\/a><\/figcaption>\n<\/figure>\n<\/div>\n<\/div>\n\n\n\n<div class=\"gb-element-8570555c\">\n<div class=\"gb-element-9552e641\">\n<h2 class=\"gb-text gb-text-5adf1c29\">Experience Lake Garda<\/h2>\n\n\n\n<p class=\"gb-text gb-text-443dae7d emphasys\">At Monja Camping Village, every explorer can find their perfect home right by the lake.<\/p>\n\n\n\n<a class=\"gb-text gb-text-6a6d2585 button-style\" href=\"\/en\/informazioni\/#sistemazioni\">See our accommodations<\/a>\n\n\n\n<span class=\"gb-shape gb-shape-55bc9649\"><svg width=\"45\" viewbox=\"0 0 48 48\" fill=\"none\" xmlns=\"http:\/\/www.w3.org\/2000\/svg\">\n<path fill=\"none\" d=\"M21.6484 0.454102L37.625 46.1695H42.6685\" stroke=\"#fff\" stroke-width=\"2\"><\/path>\n<path fill=\"none\" d=\"M26.3516 0.454102L10.375 46.1695H5.33148\" stroke=\"#fff\" stroke-width=\"2\"><\/path>\n<path fill=\"none\" d=\"M15.6836 30.8985L23.9223 45.4773L32.4341 30.8984\" stroke=\"#fff\" stroke-width=\"2\"><\/path>\n\t\t<\/svg><\/span>\n<\/div>\n<\/div>\n\n\n\n<p><\/p>","protected":false},"excerpt":{"rendered":"<p>Scivola sulle onde e scopri i segreti del Garda Esplora il lago in Kayak Se cerchi una connessione intima e contemplativa con l&#8217;ambiente, il kayak \u00e8 il mezzo perfetto. \u00c8 un&#8217;attivit\u00e0 che permette di esplorare la costa e i segreti del Garda con ritmi lenti, scivolando sull&#8217;acqua in totale armonia. Pagaia lungo i 9 km [&hellip;]<\/p>\n","protected":false},"author":1,"featured_media":0,"parent":17,"menu_order":0,"comment_status":"closed","ping_status":"closed","template":"","meta":{"footnotes":""},"class_list":["post-453","page","type-page","status-publish","hentry"],"_links":{"self":[{"href":"https:\/\/campingmonja.it\/en\/wp-json\/wp\/v2\/pages\/453","targetHints":{"allow":["GET"]}}],"collection":[{"href":"https:\/\/campingmonja.it\/en\/wp-json\/wp\/v2\/pages"}],"about":[{"href":"https:\/\/campingmonja.it\/en\/wp-json\/wp\/v2\/types\/page"}],"author":[{"embeddable":true,"href":"https:\/\/campingmonja.it\/en\/wp-json\/wp\/v2\/users\/1"}],"replies":[{"embeddable":true,"href":"https:\/\/campingmonja.it\/en\/wp-json\/wp\/v2\/comments?post=453"}],"version-history":[{"count":4,"href":"https:\/\/campingmonja.it\/en\/wp-json\/wp\/v2\/pages\/453\/revisions"}],"predecessor-version":[{"id":504,"href":"https:\/\/campingmonja.it\/en\/wp-json\/wp\/v2\/pages\/453\/revisions\/504"}],"up":[{"embeddable":true,"href":"https:\/\/campingmonja.it\/en\/wp-json\/wp\/v2\/pages\/17"}],"wp:attachment":[{"href":"https:\/\/campingmonja.it\/en\/wp-json\/wp\/v2\/media?parent=453"}],"curies":[{"name":"wp","href":"https:\/\/api.w.org\/{rel}","templated":true}]}}